{"id":2684,"date":"2022-11-30T05:37:04","date_gmt":"2022-11-30T05:37:04","guid":{"rendered":"http:\/\/localhost\/sloth\/wordpress\/?page_id=13"},"modified":"2025-09-15T20:29:08","modified_gmt":"2025-09-15T20:29:08","slug":"home-page","status":"publish","type":"page","link":"https:\/\/nk-lasko.si\/","title":{"rendered":"PRVA STRAN"},"content":{"rendered":"<h2>Nogomet za vse starosti<\/h2>\n<p><img decoding=\"async\" title=\"\" src=\"https:\/\/power.themeton.com\/vensica\/wp-content\/uploads\/sites\/12\/2023\/03\/slider-text.png\" alt=\"\" \/><\/p>\n<h2>Za zdrav na\u010din \u017eivljenja<\/h2>\n<p><img decoding=\"async\" title=\"\" src=\"https:\/\/power.themeton.com\/vensica\/wp-content\/uploads\/sites\/12\/2023\/03\/slider.png\" alt=\"\" \/><br \/>\n<a href=\"https:\/\/www.facebook.com\/profile.php?id=100057351223533\" target=\"_blank\" rel=\"noopener\"><br \/>\nFacebook<br \/>\n<\/a><br \/>\n<strong>ZAKAJ NOGOMET?<\/strong><\/p>\n<p>Ker je to mo\u0161tvena igra, ker prihaja do dru\u017eenja, prijateljstva, navajanje na delo v skupini, sodelovanja med enako misle\u010dimi navdu\u0161enci za \u0161port in ker razvija motoriko brez \u017eoge in z njo.<\/p>\n<p>Vabilo k vpisu<br \/>\nMladinska nogometna \u0161ola Nogometnega kluba La\u0161ko vpisuje mlade nogometa\u0161e, ki obiskujejo osnovno \u0161olo ali vrtec.<br style=\"max-width: var(--global--spacing-measure); , sans-serif;font-size: 18.4px; font-weight: 400;\" \/>NK La\u0161ko velja za eno discipliniranih in urejenih mladinskih nogometnih \u0161ol v Savinjski regiji. V njej delamo z otroci selekcioniranih starosti: otro\u0161ko nogometno \u0161olo v osnovnih \u0161olah La\u0161ko, kot dodatna dejavnost za najmlaj\u0161e do 9 let, liga\u0161kega tekmovanja pa se udele\u017eujemo z selekcijami: U-9, U-11, U-13, U-15, U-17, U-19, \u010dlani. V vseh kategorijah mladinske nogometne \u0161ole tudi v leto\u0161nji sezoni nogomet igra veliko fantov iz na\u0161ih vrst mlaj\u0161ih kategorij v ve\u010djih klubih 1. In 2. Slovenske lige, kot so NK. CELJE, NK. \u0160AMPION, NK. \u017dALEC, NK. RUDAR TRBOVLJE in tudi v tujini TSV MUNCHEN-MILBERTSCHOFEN. Treningi pod vodstvom izku\u0161enih trenerjev, ki imajo ustrezne licence in pedago\u0161ke izku\u0161nje, potekajo v mladinskem centru NK LA\u0160KO-PIVOVAR (\u0160portni park HUDA JAMA, Huda jama 1. La\u0161ko) na veliki naravni travi, v zimskem \u010dasu pa v \u0161olskih telovadnicah.<br style=\"max-width: var(--global--spacing-measure); , sans-serif;font-size: 18.4px; font-weight: 400;\" \/>Nogometna \u0161ola La\u0161ko-pivovar bo v jesenskem delu razvila \u0161e FUTSAL sekcijo za mlade in sicer z zadostnim zanimanjem se bo pridru\u017eila 1. Dr\u017eavni ligi z selekcijami U-13, U-15, U-19, kateri bodo v zimskem \u010dasu tekmovali v 1. SLO. FUTSAL LIGI.<br style=\"max-width: var(--global--spacing-measure); , sans-serif;font-size: 18.4px; font-weight: 400;\" \/>\u010ce \u017eelite, da se va\u0161 otrok \u0161portno udejstvuje pod vodstvom strokovno usposobljenih trenerjev, je mladinska \u0161ola NK La\u0161ko-pivovar pravi naslov!<br style=\"max-width: var(--global--spacing-measure); , sans-serif;font-size: 18.4px; font-weight: 400;\" \/>INFORMACIJE:<br style=\"max-width: var(--global--spacing-measure); , sans-serif;font-size: 18.4px; font-weight: 400;\" \/>Kontaktni podatki za vpis otrok:<br style=\"max-width: var(--global--spacing-measure); , sans-serif;font-size: 18.4px; font-weight: 400;\" \/>sekretar NK La\u0161ko<br style=\"max-width: var(--global--spacing-measure); , sans-serif;font-size: 18.4px; font-weight: 400;\" \/>Nemanja Arnautovi\u0107<br style=\"max-width: var(--global--spacing-measure); , sans-serif;font-size: 18.4px; font-weight: 400;\" \/>Tel: 031\/666 526<br style=\"max-width: var(--global--spacing-measure); , sans-serif;font-size: 18.4px; font-weight: 400;\" \/>Mail: info@nk-lasko.si<\/p>\n","protected":false},"excerpt":{"rendered":"<p>Nogomet za vse starosti Za zdrav na\u010din \u017eivljenja Facebook ZAKAJ NOGOMET? Ker je to mo\u0161tvena igra, ker prihaja do dru\u017eenja, prijateljstva, navajanje na delo v skupini, sodelovanja med enako misle\u010dimi navdu\u0161enci za \u0161port in ker razvija motoriko brez \u017eoge in z njo. Vabilo k vpisu Mladinska nogometna \u0161ola Nogometnega kluba La\u0161ko vpisuje mlade nogometa\u0161e, ki&hellip; <a class=\"more-link\" href=\"https:\/\/nk-lasko.si\/\">Continue reading <span class=\"screen-reader-text\">PRVA STRAN<\/span><\/a><\/p>\n","protected":false},"author":1,"featured_media":0,"parent":0,"menu_order":0,"comment_status":"closed","ping_status":"closed","template":"","meta":{"footnotes":""},"class_list":["post-2684","page","type-page","status-publish","hentry","entry"],"_links":{"self":[{"href":"https:\/\/nk-lasko.si\/index.php\/wp-json\/wp\/v2\/pages\/2684","targetHints":{"allow":["GET"]}}],"collection":[{"href":"https:\/\/nk-lasko.si\/index.php\/wp-json\/wp\/v2\/pages"}],"about":[{"href":"https:\/\/nk-lasko.si\/index.php\/wp-json\/wp\/v2\/types\/page"}],"author":[{"embeddable":true,"href":"https:\/\/nk-lasko.si\/index.php\/wp-json\/wp\/v2\/users\/1"}],"replies":[{"embeddable":true,"href":"https:\/\/nk-lasko.si\/index.php\/wp-json\/wp\/v2\/comments?post=2684"}],"version-history":[{"count":30,"href":"https:\/\/nk-lasko.si\/index.php\/wp-json\/wp\/v2\/pages\/2684\/revisions"}],"predecessor-version":[{"id":4852,"href":"https:\/\/nk-lasko.si\/index.php\/wp-json\/wp\/v2\/pages\/2684\/revisions\/4852"}],"wp:attachment":[{"href":"https:\/\/nk-lasko.si\/index.php\/wp-json\/wp\/v2\/media?parent=2684"}],"curies":[{"name":"wp","href":"https:\/\/api.w.org\/{rel}","templated":true}]}}